{"id":559,"date":"2025-10-21T09:53:38","date_gmt":"2025-10-21T12:53:38","guid":{"rendered":"https:\/\/ammaoficial.com.br\/amma-next\/?page_id=559"},"modified":"2025-11-13T17:21:12","modified_gmt":"2025-11-13T20:21:12","slug":"quero-participar","status":"publish","type":"page","link":"https:\/\/ammaoficial.com.br\/amma-next\/quero-participar\/","title":{"rendered":"Quero participar"},"content":{"rendered":"\t\t<div data-elementor-type=\"wp-page\" data-elementor-id=\"559\" class=\"elementor elementor-559\" data-elementor-post-type=\"page\">\n\t\t\t\t<div class=\"elementor-element elementor-element-be2b221 e-flex e-con-boxed e-con e-parent\" data-id=\"be2b221\" data-element_type=\"container\" data-settings=\"{&quot;background_background&quot;:&quot;classic&quot;}\">\n\t\t\t\t\t<div class=\"e-con-inner\">\n\t\t\t\t<div class=\"elementor-element elementor-element-228bb6b elementor-widget elementor-widget-text-editor\" data-id=\"228bb6b\" data-element_type=\"widget\" data-widget_type=\"text-editor.default\">\n\t\t\t\t\t\t\t\t\t<p>Fique por dentro das novidades AMMA<\/p>\t\t\t\t\t\t\t\t<\/div>\n\t\t\t\t<div class=\"elementor-element elementor-element-479a7de elementor-widget elementor-widget-text-editor\" data-id=\"479a7de\" data-element_type=\"widget\" data-widget_type=\"text-editor.default\">\n\t\t\t\t\t\t\t\t\t<p>Preencha o formul\u00e1rio a seguir para garantir a sua participa\u00e7\u00e3o no<\/p>\t\t\t\t\t\t\t\t<\/div>\n\t\t<div class=\"elementor-element elementor-element-0154521 e-con-full e-flex e-con e-child\" data-id=\"0154521\" data-element_type=\"container\">\n\t\t\t\t<div class=\"elementor-element elementor-element-b484b50 elementor-widget elementor-widget-heading\" data-id=\"b484b50\" data-element_type=\"widget\" data-widget_type=\"heading.default\">\n\t\t\t\t\t<h2 class=\"elementor-heading-title elementor-size-default\">AMMA NEXT 2026<\/h2>\t\t\t\t<\/div>\n\t\t\t\t<div class=\"elementor-element elementor-element-835614e elementor-widget elementor-widget-html\" data-id=\"835614e\" data-element_type=\"widget\" data-widget_type=\"html.default\">\n\t\t\t\t\t<!-- Adicionando JQuery -->\r\n    <!-- DANTE TESTA TREINAMENTOS WWW.DANTETESTA.COM.BR-->\r\n    <script src=\"https:\/\/code.jquery.com\/jquery-3.4.1.min.js\"\r\n            integrity=\"sha256-CSXorXvZcTkaix6Yvo6HppcZGetbYMGWSFlBw8HfCJo=\"\r\n            crossorigin=\"anonymous\"><\/script>\r\n\r\n    <!-- Adicionando Javascript -->\r\n    <script type=\"text\/javascript\" >\r\n\r\n    \tvar $jq = jQuery.noConflict()\r\n\r\n        $jq(document).ready(function() {\r\n\r\n            function limpa_formul\u00e1rio_cep() {\r\n                \/\/ Limpa valores do formul\u00e1rio de cep.\r\n                $jq(\"#form-field-rua\").val(\"\");\r\n                $jq(\"#form-field-bairro\").val(\"\");\r\n                $jq(\"#form-field-cidade\").val(\"\");\r\n                $jq(\"#form-field-uf\").val(\"\");\r\n            }\r\n            \r\n            \/\/Quando o campo cep perde o foco.\r\n            $jq(\"#form-field-cep\").blur(function() {\r\n\r\n                \/\/Nova vari\u00e1vel \"cep\" somente com d\u00edgitos.\r\n                var cep = $jq(this).val().replace(\/\\D\/g, '');\r\n\r\n                \/\/Verifica se campo cep possui valor informado.\r\n                if (cep != \"\") {\r\n\r\n                    \/\/Express\u00e3o regular para validar o CEP.\r\n                    var validacep = \/^[0-9]{8}$\/;\r\n\r\n                    \/\/Valida o formato do CEP.\r\n                    if(validacep.test(cep)) {\r\n\r\n                        \/\/Preenche os campos com \"...\" enquanto consulta webservice.\r\n                        $jq(\"#form-field-rua\").val(\"...\");\r\n                        $jq(\"#form-field-bairro\").val(\"...\");\r\n                        $jq(\"#form-field-cidade\").val(\"...\");\r\n                        $jq(\"#form-field-uf\").val(\"...\");\r\n\r\n                        \/\/Consulta o webservice viacep.com.br\/\r\n                        $jq.getJSON(\"https:\/\/viacep.com.br\/ws\/\"+ cep +\"\/json\/?callback=?\", function(dados) {\r\n\r\n                            if (!(\"erro\" in dados)) {\r\n                                \/\/Atualiza os campos com os valores da consulta.\r\n                                $jq(\"#form-field-rua\").val(dados.logradouro);\r\n                                $jq(\"#form-field-bairro\").val(dados.bairro);\r\n                                $jq(\"#form-field-cidade\").val(dados.localidade);\r\n                                $jq(\"#form-field-uf\").val(dados.uf);\r\n                            } \/\/end if.\r\n                            else {\r\n                                \/\/CEP pesquisado n\u00e3o foi encontrado.\r\n                                limpa_formul\u00e1rio_cep();\r\n                                alert(\"CEP n\u00e3o encontrado.\");\r\n                            }\r\n                        });\r\n                    } \/\/end if.\r\n                    else {\r\n                        \/\/cep \u00e9 inv\u00e1lido.\r\n                        limpa_formul\u00e1rio_cep();\r\n                        alert(\"Formato de CEP inv\u00e1lido.\");\r\n                    }\r\n                } \/\/end if.\r\n                else {\r\n                    \/\/cep sem valor, limpa formul\u00e1rio.\r\n                    limpa_formul\u00e1rio_cep();\r\n                }\r\n            });\r\n        });\r\n\r\n    <\/script>\t\t\t\t<\/div>\n\t\t\t\t<div class=\"elementor-element elementor-element-7452916 elementor-button-align-stretch elementor-widget elementor-widget-form\" data-id=\"7452916\" data-element_type=\"widget\" data-settings=\"{&quot;step_next_label&quot;:&quot;Pr\\u00f3ximo&quot;,&quot;step_previous_label&quot;:&quot;Anterior&quot;,&quot;button_width&quot;:&quot;100&quot;,&quot;step_type&quot;:&quot;number_text&quot;,&quot;step_icon_shape&quot;:&quot;circle&quot;}\" data-widget_type=\"form.default\">\n\t\t\t\t\t\t\t<form class=\"elementor-form\" method=\"post\" name=\"Capta\u00e7\u00e3o Amma Next 2026\" aria-label=\"Capta\u00e7\u00e3o Amma Next 2026\">\n\t\t\t<input type=\"hidden\" name=\"post_id\" value=\"559\"\/>\n\t\t\t<input type=\"hidden\" name=\"form_id\" value=\"7452916\"\/>\n\t\t\t<input type=\"hidden\" name=\"referer_title\" value=\"\" \/>\n\n\t\t\t\n\t\t\t<div class=\"elementor-form-fields-wrapper elementor-labels-above\">\n\t\t\t\t\t\t\t\t<div class=\"elementor-field-type-text elementor-field-group elementor-column elementor-field-group-name elementor-col-50 elementor-field-required\">\n\t\t\t\t\t\t\t\t\t\t\t\t\t<input size=\"1\" type=\"text\" name=\"form_fields[name]\" id=\"form-field-name\" class=\"elementor-field elementor-size-sm  elementor-field-textual\" placeholder=\"Nome completo\" required=\"required\">\n\t\t\t\t\t\t\t\t\t\t\t<\/div>\n\t\t\t\t\t\t\t\t<div class=\"elementor-field-type-email elementor-field-group elementor-column elementor-field-group-email elementor-col-50 elementor-field-required\">\n\t\t\t\t\t\t\t\t\t\t\t\t\t<input size=\"1\" type=\"email\" name=\"form_fields[email]\" id=\"form-field-email\" class=\"elementor-field elementor-size-sm  elementor-field-textual\" placeholder=\"E-mail\" required=\"required\">\n\t\t\t\t\t\t\t\t\t\t\t<\/div>\n\t\t\t\t\t\t\t\t<div class=\"elementor-field-type-tel elementor-field-group elementor-column elementor-field-group-telefone elementor-col-33 elementor-field-required\">\n\t\t\t\t\t\t\t<input size=\"1\" type=\"tel\" name=\"form_fields[telefone]\" id=\"form-field-telefone\" class=\"elementor-field elementor-size-sm  elementor-field-textual\" placeholder=\"WhatsApp\" required=\"required\" pattern=\"[0-9()#&amp;+*-=.]+\" title=\"Apenas n\u00fameros e caracteres de telefone (#, -, *, etc.) s\u00e3o aceitos.\">\n\n\t\t\t\t\t\t<\/div>\n\t\t\t\t\t\t\t\t<div class=\"elementor-field-type-text elementor-field-group elementor-column elementor-field-group-cpf elementor-col-33 elementor-field-required\">\n\t\t\t\t\t\t\t\t\t\t\t\t\t<input size=\"1\" type=\"text\" name=\"form_fields[cpf]\" id=\"form-field-cpf\" class=\"elementor-field elementor-size-sm  fme-mask-input mask_control_@ev-br_fr money_mask_format_@ mask_prefix_@ mask_decimal_places_@ mask_time_mask_format_@ fme_phone_format_@ credit_card_options_@ mask_auto_placeholder_@ fme_brazilian_formats_@fme_cpf elementor-field-textual\" placeholder=\"CPF\" required=\"required\" data-mask=\"ev-br_fr\">\n\t\t\t\t\t\t\t\t\t\t\t<\/div>\n\t\t\t\t\t\t\t\t<div class=\"elementor-field-type-text elementor-field-group elementor-column elementor-field-group-rg elementor-col-33 elementor-field-required\">\n\t\t\t\t\t\t\t\t\t\t\t\t\t<input size=\"1\" type=\"text\" name=\"form_fields[rg]\" id=\"form-field-rg\" class=\"elementor-field elementor-size-sm  elementor-field-textual\" placeholder=\"RG\" required=\"required\">\n\t\t\t\t\t\t\t\t\t\t\t<\/div>\n\t\t\t\t\t\t\t\t<div class=\"elementor-field-type-date elementor-field-group elementor-column elementor-field-group-dana_nascinento elementor-col-25 elementor-field-required\">\n\t\t\t\t\t\t\t\t\t\t\t\t<label for=\"form-field-dana_nascinento\" class=\"elementor-field-label\">\n\t\t\t\t\t\t\t\tData de Nascimento\t\t\t\t\t\t\t<\/label>\n\t\t\t\t\t\t\n\t\t<input type=\"date\" name=\"form_fields[dana_nascinento]\" id=\"form-field-dana_nascinento\" class=\"elementor-field elementor-size-sm  elementor-field-textual elementor-date-field elementor-use-native\" placeholder=\"Data de Nascimento\" required=\"required\" pattern=\"[0-9]{4}-[0-9]{2}-[0-9]{2}\">\n\t\t\t\t\t\t<\/div>\n\t\t\t\t\t\t\t\t<div class=\"elementor-field-type-select elementor-field-group elementor-column elementor-field-group-genero elementor-col-25 elementor-field-required\">\n\t\t\t\t\t\t\t\t\t\t\t\t<label for=\"form-field-genero\" class=\"elementor-field-label\">\n\t\t\t\t\t\t\t\tG\u00eanero\t\t\t\t\t\t\t<\/label>\n\t\t\t\t\t\t\t\t<div class=\"elementor-field elementor-select-wrapper remove-before \">\n\t\t\t<div class=\"select-caret-down-wrapper\">\n\t\t\t\t<svg aria-hidden=\"true\" class=\"e-font-icon-svg e-eicon-caret-down\" viewBox=\"0 0 571.4 571.4\" xmlns=\"http:\/\/www.w3.org\/2000\/svg\"><path d=\"M571 393Q571 407 561 418L311 668Q300 679 286 679T261 668L11 418Q0 407 0 393T11 368 36 357H536Q550 357 561 368T571 393Z\"><\/path><\/svg>\t\t\t<\/div>\n\t\t\t<select name=\"form_fields[genero]\" id=\"form-field-genero\" class=\"elementor-field-textual elementor-size-sm\" required=\"required\">\n\t\t\t\t\t\t\t\t\t<option value=\"Feminino\">Feminino<\/option>\n\t\t\t\t\t\t\t\t\t<option value=\"Masculino\">Masculino<\/option>\n\t\t\t\t\t\t\t\t\t<option value=\"N\u00e3o bin\u00e1rio\">N\u00e3o bin\u00e1rio<\/option>\n\t\t\t\t\t\t\t\t\t<option value=\"Prefiro n\u00e3o informar\">Prefiro n\u00e3o informar<\/option>\n\t\t\t\t\t\t\t<\/select>\n\t\t<\/div>\n\t\t\t\t\t\t<\/div>\n\t\t\t\t\t\t\t\t<div class=\"elementor-field-type-text elementor-field-group elementor-column elementor-field-group-empresa elementor-col-50 elementor-field-required\">\n\t\t\t\t\t\t\t\t\t\t\t\t<label for=\"form-field-empresa\" class=\"elementor-field-label\">\n\t\t\t\t\t\t\t\tEmpresa\t\t\t\t\t\t\t<\/label>\n\t\t\t\t\t\t\t\t\t\t\t\t\t\t<input size=\"1\" type=\"text\" name=\"form_fields[empresa]\" id=\"form-field-empresa\" class=\"elementor-field elementor-size-sm  elementor-field-textual\" placeholder=\"Empresa\" required=\"required\">\n\t\t\t\t\t\t\t\t\t\t\t<\/div>\n\t\t\t\t\t\t\t\t<div class=\"elementor-field-type-text elementor-field-group elementor-column elementor-field-group-segmento elementor-col-33 elementor-field-required\">\n\t\t\t\t\t\t\t\t\t\t\t\t\t<input size=\"1\" type=\"text\" name=\"form_fields[segmento]\" id=\"form-field-segmento\" class=\"elementor-field elementor-size-sm  elementor-field-textual\" placeholder=\"Segmento da Empresa\" required=\"required\">\n\t\t\t\t\t\t\t\t\t\t\t<\/div>\n\t\t\t\t\t\t\t\t<div class=\"elementor-field-type-text elementor-field-group elementor-column elementor-field-group-cargo elementor-col-33 elementor-field-required\">\n\t\t\t\t\t\t\t\t\t\t\t\t\t<input size=\"1\" type=\"text\" name=\"form_fields[cargo]\" id=\"form-field-cargo\" class=\"elementor-field elementor-size-sm  elementor-field-textual\" placeholder=\"Cargo\" required=\"required\">\n\t\t\t\t\t\t\t\t\t\t\t<\/div>\n\t\t\t\t\t\t\t\t<div class=\"elementor-field-type-text elementor-field-group elementor-column elementor-field-group-area elementor-col-33 elementor-field-required\">\n\t\t\t\t\t\t\t\t\t\t\t\t\t<input size=\"1\" type=\"text\" name=\"form_fields[area]\" id=\"form-field-area\" class=\"elementor-field elementor-size-sm  elementor-field-textual\" placeholder=\"\u00c1rea\" required=\"required\">\n\t\t\t\t\t\t\t\t\t\t\t<\/div>\n\t\t\t\t\t\t\t\t<div class=\"elementor-field-type-text elementor-field-group elementor-column elementor-field-group-cep elementor-col-30\">\n\t\t\t\t\t\t\t\t\t\t\t\t\t<input size=\"1\" type=\"text\" name=\"form_fields[cep]\" id=\"form-field-cep\" class=\"elementor-field elementor-size-sm  fme-mask-input mask_control_@ev-br_fr money_mask_format_@ mask_prefix_@ mask_decimal_places_@ mask_time_mask_format_@ fme_phone_format_@ credit_card_options_@ mask_auto_placeholder_@ fme_brazilian_formats_@fme_cep elementor-field-textual\" placeholder=\"CEP\" data-mask=\"ev-br_fr\">\n\t\t\t\t\t\t\t\t\t\t\t<\/div>\n\t\t\t\t\t\t\t\t<div class=\"elementor-field-type-text elementor-field-group elementor-column elementor-field-group-rua elementor-col-50\">\n\t\t\t\t\t\t\t\t\t\t\t\t\t<input size=\"1\" type=\"text\" name=\"form_fields[rua]\" id=\"form-field-rua\" class=\"elementor-field elementor-size-sm  elementor-field-textual\" placeholder=\"Rua\">\n\t\t\t\t\t\t\t\t\t\t\t<\/div>\n\t\t\t\t\t\t\t\t<div class=\"elementor-field-type-text elementor-field-group elementor-column elementor-field-group-field_d497e9e elementor-col-20\">\n\t\t\t\t\t\t\t\t\t\t\t\t\t<input size=\"1\" type=\"text\" name=\"form_fields[field_d497e9e]\" id=\"form-field-field_d497e9e\" class=\"elementor-field elementor-size-sm  elementor-field-textual\" placeholder=\"N\u00famero\">\n\t\t\t\t\t\t\t\t\t\t\t<\/div>\n\t\t\t\t\t\t\t\t<div class=\"elementor-field-type-text elementor-field-group elementor-column elementor-field-group-bairro elementor-col-40\">\n\t\t\t\t\t\t\t\t\t\t\t\t\t<input size=\"1\" type=\"text\" name=\"form_fields[bairro]\" id=\"form-field-bairro\" class=\"elementor-field elementor-size-sm  elementor-field-textual\" placeholder=\"Bairro\">\n\t\t\t\t\t\t\t\t\t\t\t<\/div>\n\t\t\t\t\t\t\t\t<div class=\"elementor-field-type-text elementor-field-group elementor-column elementor-field-group-cidade elementor-col-40\">\n\t\t\t\t\t\t\t\t\t\t\t\t\t<input size=\"1\" type=\"text\" name=\"form_fields[cidade]\" id=\"form-field-cidade\" class=\"elementor-field elementor-size-sm  elementor-field-textual\" placeholder=\"Cidade\">\n\t\t\t\t\t\t\t\t\t\t\t<\/div>\n\t\t\t\t\t\t\t\t<div class=\"elementor-field-type-text elementor-field-group elementor-column elementor-field-group-uf elementor-col-20\">\n\t\t\t\t\t\t\t\t\t\t\t\t\t<input size=\"1\" type=\"text\" name=\"form_fields[uf]\" id=\"form-field-uf\" class=\"elementor-field elementor-size-sm  elementor-field-textual\" placeholder=\"UF\">\n\t\t\t\t\t\t\t\t\t\t\t<\/div>\n\t\t\t\t\t\t\t\t<div class=\"elementor-field-type-checkbox elementor-field-group elementor-column elementor-field-group-tipo_de_endereco elementor-col-100\">\n\t\t\t\t\t\t\t\t\t\t\t\t<label for=\"form-field-tipo_de_endereco\" class=\"elementor-field-label\">\n\t\t\t\t\t\t\t\tTipo de Endere\u00e7o\t\t\t\t\t\t\t<\/label>\n\t\t\t\t\t\t<div class=\"elementor-field-subgroup  elementor-subgroup-inline\"><span class=\"elementor-field-option\"><input type=\"checkbox\" value=\"COMERCIAL\" id=\"form-field-tipo_de_endereco-0\" name=\"form_fields[tipo_de_endereco][]\"> <label for=\"form-field-tipo_de_endereco-0\">COMERCIAL<\/label><\/span><span class=\"elementor-field-option\"><input type=\"checkbox\" value=\"RESIDENCIAL\" id=\"form-field-tipo_de_endereco-1\" name=\"form_fields[tipo_de_endereco][]\"> <label for=\"form-field-tipo_de_endereco-1\">RESIDENCIAL<\/label><\/span><\/div>\t\t\t\t<\/div>\n\t\t\t\t\t\t\t\t<div class=\"elementor-field-type-acceptance elementor-field-group elementor-column elementor-field-group-aceito elementor-col-100\">\n\t\t\t\t\t\t\t<div class=\"elementor-field-subgroup\">\n\t\t\t<span class=\"elementor-field-option\">\n\t\t\t\t<input type=\"checkbox\" name=\"form_fields[aceito]\" id=\"form-field-aceito\" class=\"elementor-field elementor-size-sm  elementor-acceptance-field\">\n\t\t\t\t<label for=\"form-field-aceito\">Autorizo o envio dos meus dados para o preenchimento do formul\u00e1rio, conforme necess\u00e1rio.\n<\/label>\t\t\t<\/span>\n\t\t<\/div>\n\t\t\t\t\t\t<\/div>\n\t\t\t\t\t\t\t\t<div class=\"elementor-field-group elementor-column elementor-field-type-submit elementor-col-100 e-form__buttons\">\n\t\t\t\t\t<button class=\"elementor-button elementor-size-sm\" type=\"submit\">\n\t\t\t\t\t\t<span class=\"elementor-button-content-wrapper\">\n\t\t\t\t\t\t\t\t\t\t\t\t\t\t\t\t\t\t\t\t\t\t<span class=\"elementor-button-text\">Enviar<\/span>\n\t\t\t\t\t\t\t\t\t\t\t\t\t<\/span>\n\t\t\t\t\t<\/button>\n\t\t\t\t<\/div>\n\t\t\t<\/div>\n\t\t<\/form>\n\t\t\t\t\t\t<\/div>\n\t\t\t\t<\/div>\n\t\t\t\t\t<\/div>\n\t\t\t\t<\/div>\n\t\t\t\t<\/div>\n\t\t","protected":false},"excerpt":{"rendered":"<p>Fique por dentro das novidades AMMA Preencha o formul\u00e1rio a seguir para garantir a sua participa\u00e7\u00e3o no AMMA NEXT 2026<\/p>\n","protected":false},"author":1,"featured_media":0,"parent":0,"menu_order":0,"comment_status":"closed","ping_status":"closed","template":"","meta":{"footnotes":""},"class_list":["post-559","page","type-page","status-publish","hentry"],"_links":{"self":[{"href":"https:\/\/ammaoficial.com.br\/amma-next\/wp-json\/wp\/v2\/pages\/559","targetHints":{"allow":["GET"]}}],"collection":[{"href":"https:\/\/ammaoficial.com.br\/amma-next\/wp-json\/wp\/v2\/pages"}],"about":[{"href":"https:\/\/ammaoficial.com.br\/amma-next\/wp-json\/wp\/v2\/types\/page"}],"author":[{"embeddable":true,"href":"https:\/\/ammaoficial.com.br\/amma-next\/wp-json\/wp\/v2\/users\/1"}],"replies":[{"embeddable":true,"href":"https:\/\/ammaoficial.com.br\/amma-next\/wp-json\/wp\/v2\/comments?post=559"}],"version-history":[{"count":70,"href":"https:\/\/ammaoficial.com.br\/amma-next\/wp-json\/wp\/v2\/pages\/559\/revisions"}],"predecessor-version":[{"id":999,"href":"https:\/\/ammaoficial.com.br\/amma-next\/wp-json\/wp\/v2\/pages\/559\/revisions\/999"}],"wp:attachment":[{"href":"https:\/\/ammaoficial.com.br\/amma-next\/wp-json\/wp\/v2\/media?parent=559"}],"curies":[{"name":"wp","href":"https:\/\/api.w.org\/{rel}","templated":true}]}}